{"id":19781,"date":"2023-11-30T10:40:31","date_gmt":"2023-11-30T10:40:31","guid":{"rendered":"https:\/\/www.sistemirrigazione.it\/prodotto\/programmatore-a-batteria-serie-esp-9v-6-stazioni\/"},"modified":"2024-09-23T08:54:24","modified_gmt":"2024-09-23T08:54:24","slug":"programmatore-a-batteria-serie-esp-9v-6-stazioni","status":"publish","type":"product","link":"https:\/\/www.sistemirrigazione.it\/newsite_24\/prodotto\/programmatore-a-batteria-serie-esp-9v-6-stazioni\/","title":{"rendered":"Programmatore a batteria serie ESP-9V &#8211; 6 STAZIONI"},"content":{"rendered":"<p>Programmatore elettronico alimentato a batteria &#8211; Gamma per stazioni multiple con alimentazione a batteria.<\/p>\n<p><b>APPLICAZIONI<\/b><br \/>\nLa serie di programmatori WPX \u00e9 destinata all&#8217;irrigazione di siti dove non \u00e9 disponibile alimentazione elettrica. La loro compattezza ed impermeabilit\u00e1 (IP68) permette l&#8217;installazione sia all&#8217;esterno che all&#8217;interno ed addirittura direttamente nel pozzetto per valvole. La semplicit\u00e0 di programmazione e di utilizzo rendono questo prodotto ideale per installazioni in giardini privati ed aree verdi pubbliche.<\/p>\n<p><b>CARATTERISTICHE<\/b><br \/>\n&#8211; Programmatore elettronico<br \/>\n&#8211; Alimentato a batterie: funziona con 2 batterie alcaline 9V alta qualit\u00e1 tipo Varta 6AM6 (standard internazionale) oppure 6LR6I (standard europeo). Batterie non incluse.<br \/>\n&#8211; Certificato IP68: 100% impermeabile all&#8217; acqua e completamente sommergibile<br \/>\n&#8211; Montaggio a parete interno\/esterno oppure direttamente nel pozzetto per le valvole<br \/>\n&#8211; Di dimensioni ridotte<br \/>\n&#8211; Ampio display LCD con icone per una programmazione semplice<br \/>\n&#8211; Indicato nel display quando necessita della sostituzione della batteria<br \/>\n&#8211; Tastiera ergonomica a 5 tasti<br \/>\n&#8211; Funzione Water Budget per la regolazione degli incrementi stagionali da 0% a 200% con incrementi del 10%<br \/>\n&#8211; Funzione test (2 minuti per tutte le stazioni programmate) per verifica il funzionamento del sistema<br \/>\n&#8211; Partenza manuale di una singola stazione o di un ciclo<br \/>\n&#8211; Uscita per sensore pioggia attivo che permette l&#8217;interruzione immediata del ciclo irriguo in caso di pioggia<br \/>\n&#8211; Funzione di sospensione pioggia programmabile da 1 a 15 giorni, periodo in cui il sistema rimane inattivo. Ripartenza automatica<br \/>\n&#8211; Compatibile con i solenoide bistabile Rain Bird utilizzati nel sistema TBOSTM<\/p>\n<p><b>SPECIFICHE<\/b><br \/>\n&#8211; Numero programmi: 3 completamente indipendenti<br \/>\n&#8211; Fino a 8 partenze per programma al giorno<br \/>\n&#8211; Programmazione:settimanale<br \/>\n&#8211; Numero di stazioni: 6<br \/>\n&#8211; Durata del ciclo: da 1 minuto a 12 ore con incrementi di 1 minuto<br \/>\n&#8211; Temperatura di funzionamento: da -20 a +70<\/p>\n<p><b>SPECIFICHE ELETTRICHE<\/b><br \/>\n&#8211; Funzionante con 2 batterie alcaline da 9V.<br \/>\n&#8211; Combatibile con tutte le valvole Rain Bird predisposte con solenoide bistabile Rain Bird.<br \/>\n&#8211; Capacit\u00e1 stazioni: 1 solenoide Rain Bird per ogni stazione, pi\u00fa solenoide per comando valvola principale.<br \/>\n&#8211; Distanza massima tra il programmatore e il solenoide bistabile utilizzando cavo con sezione 1,5 mm2 : 30 m<br \/>\n&#8211; Connessione diretta con il sensore pioggia RSD-BEx<br \/>\n<b><br \/>\nDIMENSIONI<\/b><br \/>\n&#8211; Lunghezza: 18,3 cm<br \/>\n&#8211; Altezza: 15,6 cm<br \/>\n&#8211; Profondit\u00e1: 5,6 cm<\/p>\n","protected":false},"excerpt":{"rendered":"<p>Programmatore elettronico alimentato a batteria &#8211; Gamma per stazioni multiple con alimentazione a batteria. APPLICAZIONI La serie di programmatori WPX \u00e9 destinata all&#8217;irrigazione di siti dove<span class=\"excerpt-hellip\"> [\u2026]<\/span><\/p>\n","protected":false},"featured_media":19977,"comment_status":"closed","ping_status":"closed","template":"","meta":[],"product_brand":[],"product_cat":[867,2771],"product_tag":[],"barcode":[],"codice_fornitore":[],"alias_a":[6687],"alsias_b":[],"alias_c":[],"alias_d":[],"alias_n":[],"alias":[282],"alias_display":[],"box":[],"woo-feed-brand":[5684],"class_list":{"0":"post-19781","1":"product","2":"type-product","3":"status-publish","4":"has-post-thumbnail","6":"product_cat-programmatori","7":"product_cat-programmatori-a-batteria","8":"alias_a-rba354","9":"alias-alias-a","10":"woo-feed-brand-rainbird","12":"first","13":"instock","14":"taxable","15":"shipping-taxable","16":"purchasable","17":"product-type-simple"},"_links":{"self":[{"href":"https:\/\/www.sistemirrigazione.it\/newsite_24\/wp-json\/wp\/v2\/product\/19781","targetHints":{"allow":["GET"]}}],"collection":[{"href":"https:\/\/www.sistemirrigazione.it\/newsite_24\/wp-json\/wp\/v2\/product"}],"about":[{"href":"https:\/\/www.sistemirrigazione.it\/newsite_24\/wp-json\/wp\/v2\/types\/product"}],"replies":[{"embeddable":true,"href":"https:\/\/www.sistemirrigazione.it\/newsite_24\/wp-json\/wp\/v2\/comments?post=19781"}],"wp:featuredmedia":[{"embeddable":true,"href":"https:\/\/www.sistemirrigazione.it\/newsite_24\/wp-json\/wp\/v2\/media\/19977"}],"wp:attachment":[{"href":"https:\/\/www.sistemirrigazione.it\/newsite_24\/wp-json\/wp\/v2\/media?parent=19781"}],"wp:term":[{"taxonomy":"product_brand","embeddable":true,"href":"https:\/\/www.sistemirrigazione.it\/newsite_24\/wp-json\/wp\/v2\/product_brand?post=19781"},{"taxonomy":"product_cat","embeddable":true,"href":"https:\/\/www.sistemirrigazione.it\/newsite_24\/wp-json\/wp\/v2\/product_cat?post=19781"},{"taxonomy":"product_tag","embeddable":true,"href":"https:\/\/www.sistemirrigazione.it\/newsite_24\/wp-json\/wp\/v2\/product_tag?post=19781"},{"taxonomy":"barcode","embeddable":true,"href":"https:\/\/www.sistemirrigazione.it\/newsite_24\/wp-json\/wp\/v2\/barcode?post=19781"},{"taxonomy":"codice_fornitore","embeddable":true,"href":"https:\/\/www.sistemirrigazione.it\/newsite_24\/wp-json\/wp\/v2\/codice_fornitore?post=19781"},{"taxonomy":"alias_a","embeddable":true,"href":"https:\/\/www.sistemirrigazione.it\/newsite_24\/wp-json\/wp\/v2\/alias_a?post=19781"},{"taxonomy":"alsias_b","embeddable":true,"href":"https:\/\/www.sistemirrigazione.it\/newsite_24\/wp-json\/wp\/v2\/alsias_b?post=19781"},{"taxonomy":"alias_c","embeddable":true,"href":"https:\/\/www.sistemirrigazione.it\/newsite_24\/wp-json\/wp\/v2\/alias_c?post=19781"},{"taxonomy":"alias_d","embeddable":true,"href":"https:\/\/www.sistemirrigazione.it\/newsite_24\/wp-json\/wp\/v2\/alias_d?post=19781"},{"taxonomy":"alias_n","embeddable":true,"href":"https:\/\/www.sistemirrigazione.it\/newsite_24\/wp-json\/wp\/v2\/alias_n?post=19781"},{"taxonomy":"alias","embeddable":true,"href":"https:\/\/www.sistemirrigazione.it\/newsite_24\/wp-json\/wp\/v2\/alias?post=19781"},{"taxonomy":"alias_display","embeddable":true,"href":"https:\/\/www.sistemirrigazione.it\/newsite_24\/wp-json\/wp\/v2\/alias_display?post=19781"},{"taxonomy":"box","embeddable":true,"href":"https:\/\/www.sistemirrigazione.it\/newsite_24\/wp-json\/wp\/v2\/box?post=19781"},{"taxonomy":"woo-feed-brand","embeddable":true,"href":"https:\/\/www.sistemirrigazione.it\/newsite_24\/wp-json\/wp\/v2\/woo-feed-brand?post=19781"}],"curies":[{"name":"wp","href":"https:\/\/api.w.org\/{rel}","templated":true}]}}