{"id":18557,"date":"2023-11-30T10:13:24","date_gmt":"2023-11-30T10:13:24","guid":{"rendered":"https:\/\/www.sistemirrigazione.it\/prodotto\/kit-impianto-di-irrigazione-per-orto-2\/"},"modified":"2024-07-16T14:32:22","modified_gmt":"2024-07-16T14:32:22","slug":"kit-impianto-di-irrigazione-per-orto-2","status":"publish","type":"product","link":"https:\/\/www.sistemirrigazione.it\/newsite_24\/prodotto\/kit-impianto-di-irrigazione-per-orto-2\/","title":{"rendered":"Kit impianto di irrigazione per orto e giardino"},"content":{"rendered":"<p class=\"imTALeft\"><span class=\"fs10lh1-5\"><span class=\"cf1 ff1\"><strong>KIT COMPOSTO DA:<\/strong><br \/>\n1) \u00a0\u00a0n\u00b01 &#8211; Valvola a sfera nera in PVC maschio-femmina da 3\/4&#8243;<br \/>\n2) \u00a0\u00a0n\u00b01 &#8211; Riduttore di pressione in linea da 3\/4&#8243; femmina-femmina<br \/>\n3) \u00a0\u00a0<\/span><\/span><span class=\"fs10lh1-5 ff1\">n\u00b01 &#8211; Gomito a 90\u00b0 a compressione D. 25 mm<br \/>\n<\/span><span class=\"fs10lh1-5\"><span class=\"cf1 ff1\">4) \u00a0\u00a0<\/span><\/span><span class=\"fs10lh1-5 ff1\">n\u00b01 &#8211; Tubo PE bassa densit\u00e0 D. 25 mm &#8211; PN 4 bar &#8211; Bobina L. 50 metri<br \/>\n<\/span><span class=\"fs10lh1-5\"><span class=\"cf1 ff1\">5) \u00a0\u00a0<\/span><\/span><span class=\"fs10lh1-5 ff1\">n\u00b01 &#8211; Raccordo maschio a compressione D. 25 mm x 3\/4&#8243;<br \/>\n<\/span><span class=\"fs10lh1-5\"><span class=\"cf1 ff1\">6) \u00a0\u00a0<\/span><\/span><span class=\"fs10lh1-5 ff1\">n\u00b010 &#8211;\u00a0<\/span><span class=\"fs10lh1-5 ff1\">Presa a staffa nera D. 25 mm X 3\/4&#8243;<br \/>\n<\/span><span class=\"fs10lh1-5 ff1\">7) \u00a0\u00a0<\/span><span class=\"fs10lh1-5 ff1\">n\u00b010 &#8211;<\/span><span class=\"fs10lh1-5 ff1\">\u00a0<\/span><span class=\"fs10lh1-5 ff1\">Minivalvola in plastica con attacco tape-filetto Femmina D. 16mm x 3\/4&#8243;<br \/>\n<\/span><span class=\"fs10lh1-5 ff1\">8) \u00a0\u00a0<\/span><span class=\"fs10lh1-5 ff1\">n\u00b010 &#8211;<\/span><span class=\"fs10lh1-5 ff1\">\u00a0Nipplo da 3\/4&#8243;<br \/>\n<\/span><span class=\"fs10lh1-5 ff1\">9) \u00a0\u00a0<\/span><span class=\"fs10lh1-5 ff1\">n\u00b04 &#8211; Manicotto per tape con ghiera D. 16 mm<br \/>\n<\/span><span class=\"fs10lh1-5\"><span class=\"cf1 ff1\">10)\u00a0<\/span><\/span><span class=\"fs10lh1-5 ff1\">n\u00b01 &#8211; Ala gocciolante leggera D. 16 mm &#8211; Passo 20 cm &#8211; Portata 2,0 Lt\/h &#8211; Rotolo L. 150 mt<br \/>\n<\/span><span class=\"fs10lh1-5\"><span class=\"cf1 ff1\">11) n\u00b01 &#8211; Tappo a compressione D. 25 mm<br \/>\n12) n\u00b014 &#8211; Tappo di fine linea per Tape con ghiera D. 16 mm<\/span><\/span><\/p>\n<p class=\"imTALeft\"><span class=\"fs10lh1-5\"><span class=\"cf1 ff1\"><strong>Si consiglia di:<\/strong><br \/>\n<\/span><\/span><\/p>\n<ul>\n<li>\n<p class=\"imTALeft\"><span class=\"fs10lh1-5 cf1 ff1\">spurgare sia la testata che le ali gocciolanti prima della messa in funzione dell&#8217;impianto. Lo spurgo delle ali gocciolanti deve avvenire regolarmente; la frequenza con la quale effettuare lo spurgo dipende dipende dalla quantit\u00e0 di impurit\u00e0 presenti nell&#8217;acqua. In caso di acqua ricca di impurit\u00e0 si consiglia l&#8217;aggiunta di un\u00a0<a class=\"imCssLink\" href=\"http:\/\/localhost\/websiteleo\/filtri-a-rete-in-plastica-per-sistemi-di-irrigazione.html\">filtro<\/a>\u00a0(non incluso nel kit in questione);<br \/>\n<\/span><\/p>\n<\/li>\n<li>\n<p class=\"imTALeft\"><span class=\"fs10lh1-5 cf1 ff1\">prestare attenzione durante le operazioni di campo per evitare di tagliare le ali gocciolanti;<br \/>\n<\/span><\/p>\n<\/li>\n<li>\n<p class=\"imTALeft\"><span class=\"fs10lh1-5 cf1 ff1\">utilizzare solamente fertilizzanti solubili e liquidi \u00a0per evitare l&#8217;occlusione dei gocciolatori;<br \/>\n<\/span><\/p>\n<\/li>\n<li>\n<p class=\"imTALeft\"><span class=\"fs10lh1-5 cf1 ff1\">irrigare con acqua pulita per circa 5 minuti subito dopo aver fertirrigato evitando l&#8217;accumulo di residui all&#8217;interno dei gocciolatori,<br \/>\n<\/span><\/p>\n<\/li>\n<li>\n<p class=\"imTALeft\"><span class=\"fs10lh1-5 cf1 ff1\">smontare con cura e riporre al riparo l&#8217;impianto quando non si necessita pi\u00f9 del suo utilizzo.<\/span><\/p>\n<\/li>\n<\/ul>\n","protected":false},"excerpt":{"rendered":"<p>KIT COMPOSTO DA: 1) \u00a0\u00a0n\u00b01 &#8211; Valvola a sfera nera in PVC maschio-femmina da 3\/4&#8243; 2) \u00a0\u00a0n\u00b01 &#8211; Riduttore di pressione in linea da 3\/4&#8243; femmina-femmina<span class=\"excerpt-hellip\"> [\u2026]<\/span><\/p>\n","protected":false},"featured_media":17131,"comment_status":"closed","ping_status":"closed","template":"","meta":[],"product_brand":[],"product_cat":[1153],"product_tag":[],"barcode":[],"codice_fornitore":[],"alias_a":[],"alsias_b":[],"alias_c":[],"alias_d":[],"alias_n":[],"alias":[],"alias_display":[],"box":[],"woo-feed-brand":[5686],"class_list":{"0":"post-18557","1":"product","2":"type-product","3":"status-publish","4":"has-post-thumbnail","6":"product_cat-kit-irrigazione-per-giardino-orto-fioriere","7":"product_shipping_class-fascia-a-4","8":"woo-feed-brand-pan-agri","10":"first","11":"instock","12":"taxable","13":"shipping-taxable","14":"purchasable","15":"product-type-simple"},"_links":{"self":[{"href":"https:\/\/www.sistemirrigazione.it\/newsite_24\/wp-json\/wp\/v2\/product\/18557","targetHints":{"allow":["GET"]}}],"collection":[{"href":"https:\/\/www.sistemirrigazione.it\/newsite_24\/wp-json\/wp\/v2\/product"}],"about":[{"href":"https:\/\/www.sistemirrigazione.it\/newsite_24\/wp-json\/wp\/v2\/types\/product"}],"replies":[{"embeddable":true,"href":"https:\/\/www.sistemirrigazione.it\/newsite_24\/wp-json\/wp\/v2\/comments?post=18557"}],"wp:featuredmedia":[{"embeddable":true,"href":"https:\/\/www.sistemirrigazione.it\/newsite_24\/wp-json\/wp\/v2\/media\/17131"}],"wp:attachment":[{"href":"https:\/\/www.sistemirrigazione.it\/newsite_24\/wp-json\/wp\/v2\/media?parent=18557"}],"wp:term":[{"taxonomy":"product_brand","embeddable":true,"href":"https:\/\/www.sistemirrigazione.it\/newsite_24\/wp-json\/wp\/v2\/product_brand?post=18557"},{"taxonomy":"product_cat","embeddable":true,"href":"https:\/\/www.sistemirrigazione.it\/newsite_24\/wp-json\/wp\/v2\/product_cat?post=18557"},{"taxonomy":"product_tag","embeddable":true,"href":"https:\/\/www.sistemirrigazione.it\/newsite_24\/wp-json\/wp\/v2\/product_tag?post=18557"},{"taxonomy":"barcode","embeddable":true,"href":"https:\/\/www.sistemirrigazione.it\/newsite_24\/wp-json\/wp\/v2\/barcode?post=18557"},{"taxonomy":"codice_fornitore","embeddable":true,"href":"https:\/\/www.sistemirrigazione.it\/newsite_24\/wp-json\/wp\/v2\/codice_fornitore?post=18557"},{"taxonomy":"alias_a","embeddable":true,"href":"https:\/\/www.sistemirrigazione.it\/newsite_24\/wp-json\/wp\/v2\/alias_a?post=18557"},{"taxonomy":"alsias_b","embeddable":true,"href":"https:\/\/www.sistemirrigazione.it\/newsite_24\/wp-json\/wp\/v2\/alsias_b?post=18557"},{"taxonomy":"alias_c","embeddable":true,"href":"https:\/\/www.sistemirrigazione.it\/newsite_24\/wp-json\/wp\/v2\/alias_c?post=18557"},{"taxonomy":"alias_d","embeddable":true,"href":"https:\/\/www.sistemirrigazione.it\/newsite_24\/wp-json\/wp\/v2\/alias_d?post=18557"},{"taxonomy":"alias_n","embeddable":true,"href":"https:\/\/www.sistemirrigazione.it\/newsite_24\/wp-json\/wp\/v2\/alias_n?post=18557"},{"taxonomy":"alias","embeddable":true,"href":"https:\/\/www.sistemirrigazione.it\/newsite_24\/wp-json\/wp\/v2\/alias?post=18557"},{"taxonomy":"alias_display","embeddable":true,"href":"https:\/\/www.sistemirrigazione.it\/newsite_24\/wp-json\/wp\/v2\/alias_display?post=18557"},{"taxonomy":"box","embeddable":true,"href":"https:\/\/www.sistemirrigazione.it\/newsite_24\/wp-json\/wp\/v2\/box?post=18557"},{"taxonomy":"woo-feed-brand","embeddable":true,"href":"https:\/\/www.sistemirrigazione.it\/newsite_24\/wp-json\/wp\/v2\/woo-feed-brand?post=18557"}],"curies":[{"name":"wp","href":"https:\/\/api.w.org\/{rel}","templated":true}]}}