{"id":18515,"date":"2023-11-30T10:12:30","date_gmt":"2023-11-30T10:12:30","guid":{"rendered":"https:\/\/www.sistemirrigazione.it\/prodotto\/programmatore-a-corrente-bluetooth-a-2-stazioni-dt-pro-bl-is2-bl-is-4-stazioni\/"},"modified":"2024-09-23T08:55:03","modified_gmt":"2024-09-23T08:55:03","slug":"programmatore-a-corrente-bluetooth-a-2-stazioni-dt-pro-bl-is2-bl-is-4-stazioni","status":"publish","type":"product","link":"https:\/\/www.sistemirrigazione.it\/newsite_24\/prodotto\/programmatore-a-corrente-bluetooth-a-2-stazioni-dt-pro-bl-is2-bl-is-4-stazioni\/","title":{"rendered":"Programmatore a corrente bluetooth  DT-PRO BL-IS2 &#8211; BL-IS 4 STAZIONI"},"content":{"rendered":"<div>Programmatore a 4 stazioni + master valve \u2013 3 programmi A, B, C \u2013 8 partenze giornaliere \u2013 Ingresso per sensore pioggia \u2013 Funzioni di comando manuali \u2013 Trasformazione esterno \u2013 Led indicatore di funzionalit\u00e0 \u2013 Memoria non volatile per mantenimento programmi in caso di black-out \u2013 Collegamento Bluetooth smart protetto con password \u2013 Protezione da sovratensioni \u2013 Compatibile con Smartphone e\/o Tablet iOS7.x o superiore \u2013 Android 4.3 o superiore dotati di Smart Bluetooth.<\/div>\n<div><\/div>\n<div>APPLICAZIONI: Irrigazione di giardini privati, pubblici, campi sportivi e impianti agricoli<\/div>\n<div><\/div>\n<div>CONNESSIONE: Bluetooth Smart 4.1 o superiore (a basso consumo di energia)<\/div>\n<div><\/div>\n<div>PROGRAMMAZIONE: Con Smartphone o Tablet tramite Applicazione SOLEM WF \u2013 3 Programmi 8 partenze giornaliere<\/div>\n<div><\/div>\n<div>DURATA IRRIGAZIONE PER STAZIONE: da 1 minuto a 12 ore<\/div>\n<div><\/div>\n<div>COMANDO MANUALE: Programma impostato o Stazione da 1 minuto a 12 ore<\/div>\n<div><\/div>\n<div>CALENDARIO: Settimanale personalizzato, Giorni Pari, Giorni Dispari, Giorni Dispari -31, Periodico con intervallo max di 31 giorni e giorno di partenza a scelta<\/div>\n<div><\/div>\n<div>WATER BUDGET: 0 \u2013 200%<\/div>\n<div><\/div>\n<div>FUNZIONE ON\/OFF: OFF da 1 a 15 giorni con ripartenza automatica o OFF permanente<\/div>\n<div><\/div>\n<div>Ripristino automatico dell\u2019orologio e del programma fino a 5 ore da una caduta di tensione<\/div>\n<div><\/div>\n<div><\/div>\n<div><\/div>\n<div>SPECIFICHE TECNICHE:<\/div>\n<div><\/div>\n<div>&#8211;\u00a0\u00a0\u00a0\u00a0\u00a0\u00a0\u00a0\u00a0\u00a0\u00a0Modello a 4 stazioni<\/div>\n<div><\/div>\n<div>&#8211;\u00a0\u00a0\u00a0\u00a0\u00a0\u00a0\u00a0\u00a0\u00a0\u00a0Led bicolore per monitoraggio del funzionamento<\/div>\n<div><\/div>\n<div>&#8211;\u00a0\u00a0\u00a0\u00a0\u00a0\u00a0\u00a0\u00a0\u00a0\u00a0Connessione per Master Valve<\/div>\n<div><\/div>\n<div>&#8211;\u00a0\u00a0\u00a0\u00a0\u00a0\u00a0\u00a0\u00a0\u00a0\u00a0Connessione per Sensore Pioggia<\/div>\n<div><\/div>\n<div>&#8211;\u00a0\u00a0\u00a0\u00a0\u00a0\u00a0\u00a0\u00a0\u00a0\u00a0Alimentazione: 230V-50Hz trasformatore esterno<\/div>\n<div><\/div>\n<div>&#8211;\u00a0\u00a0\u00a0\u00a0\u00a0\u00a0\u00a0\u00a0\u00a0\u00a0Carico massimo: 0,75 A (18 VA)<\/div>\n<div><\/div>\n<div>&#8211;\u00a0\u00a0\u00a0\u00a0\u00a0\u00a0\u00a0\u00a0\u00a0\u00a0Pu\u00f2 alimentare una elettrovalvola 24V pi\u00f9 una elettrovalvola 24V Master Valve (o un rel\u00e8 comando pompa)<\/div>\n<div><\/div>\n<div>&#8211;\u00a0\u00a0\u00a0\u00a0\u00a0\u00a0\u00a0\u00a0\u00a0\u00a0Protezione contro le sovratensioni fino a 4 Kv per stazione<\/div>\n<div><\/div>\n<div>&#8211;\u00a0\u00a0\u00a0\u00a0\u00a0\u00a0\u00a0\u00a0\u00a0\u00a0Dimensioni mod. da 2 a 6 stazioni: cm 11, altezza cm 14,5, spessore cm 3,5<\/div>\n","protected":false},"excerpt":{"rendered":"<p>Programmatore a 4 stazioni + master valve \u2013 3 programmi A, B, C \u2013 8 partenze giornaliere \u2013 Ingresso per sensore pioggia \u2013 Funzioni di comando<span class=\"excerpt-hellip\"> [\u2026]<\/span><\/p>\n","protected":false},"featured_media":10831,"comment_status":"closed","ping_status":"closed","template":"","meta":[],"product_brand":[],"product_cat":[543,3732,867,868],"product_tag":[],"barcode":[],"codice_fornitore":[],"alias_a":[3743],"alsias_b":[],"alias_c":[],"alias_d":[],"alias_n":[],"alias":[282],"alias_display":[],"box":[],"woo-feed-brand":[5686],"class_list":{"0":"post-18515","1":"product","2":"type-product","3":"status-publish","4":"has-post-thumbnail","6":"product_cat-prodotti-bluetooth-e-wi-fi","7":"product_cat-programmatori-bluetooth-a-corrente","8":"product_cat-programmatori","9":"product_cat-programmatori-a-corrente","10":"alias_a-dta084","11":"alias-alias-a","12":"woo-feed-brand-pan-agri","14":"first","15":"instock","16":"taxable","17":"shipping-taxable","18":"purchasable","19":"product-type-simple"},"_links":{"self":[{"href":"https:\/\/www.sistemirrigazione.it\/newsite_24\/wp-json\/wp\/v2\/product\/18515","targetHints":{"allow":["GET"]}}],"collection":[{"href":"https:\/\/www.sistemirrigazione.it\/newsite_24\/wp-json\/wp\/v2\/product"}],"about":[{"href":"https:\/\/www.sistemirrigazione.it\/newsite_24\/wp-json\/wp\/v2\/types\/product"}],"replies":[{"embeddable":true,"href":"https:\/\/www.sistemirrigazione.it\/newsite_24\/wp-json\/wp\/v2\/comments?post=18515"}],"wp:featuredmedia":[{"embeddable":true,"href":"https:\/\/www.sistemirrigazione.it\/newsite_24\/wp-json\/wp\/v2\/media\/10831"}],"wp:attachment":[{"href":"https:\/\/www.sistemirrigazione.it\/newsite_24\/wp-json\/wp\/v2\/media?parent=18515"}],"wp:term":[{"taxonomy":"product_brand","embeddable":true,"href":"https:\/\/www.sistemirrigazione.it\/newsite_24\/wp-json\/wp\/v2\/product_brand?post=18515"},{"taxonomy":"product_cat","embeddable":true,"href":"https:\/\/www.sistemirrigazione.it\/newsite_24\/wp-json\/wp\/v2\/product_cat?post=18515"},{"taxonomy":"product_tag","embeddable":true,"href":"https:\/\/www.sistemirrigazione.it\/newsite_24\/wp-json\/wp\/v2\/product_tag?post=18515"},{"taxonomy":"barcode","embeddable":true,"href":"https:\/\/www.sistemirrigazione.it\/newsite_24\/wp-json\/wp\/v2\/barcode?post=18515"},{"taxonomy":"codice_fornitore","embeddable":true,"href":"https:\/\/www.sistemirrigazione.it\/newsite_24\/wp-json\/wp\/v2\/codice_fornitore?post=18515"},{"taxonomy":"alias_a","embeddable":true,"href":"https:\/\/www.sistemirrigazione.it\/newsite_24\/wp-json\/wp\/v2\/alias_a?post=18515"},{"taxonomy":"alsias_b","embeddable":true,"href":"https:\/\/www.sistemirrigazione.it\/newsite_24\/wp-json\/wp\/v2\/alsias_b?post=18515"},{"taxonomy":"alias_c","embeddable":true,"href":"https:\/\/www.sistemirrigazione.it\/newsite_24\/wp-json\/wp\/v2\/alias_c?post=18515"},{"taxonomy":"alias_d","embeddable":true,"href":"https:\/\/www.sistemirrigazione.it\/newsite_24\/wp-json\/wp\/v2\/alias_d?post=18515"},{"taxonomy":"alias_n","embeddable":true,"href":"https:\/\/www.sistemirrigazione.it\/newsite_24\/wp-json\/wp\/v2\/alias_n?post=18515"},{"taxonomy":"alias","embeddable":true,"href":"https:\/\/www.sistemirrigazione.it\/newsite_24\/wp-json\/wp\/v2\/alias?post=18515"},{"taxonomy":"alias_display","embeddable":true,"href":"https:\/\/www.sistemirrigazione.it\/newsite_24\/wp-json\/wp\/v2\/alias_display?post=18515"},{"taxonomy":"box","embeddable":true,"href":"https:\/\/www.sistemirrigazione.it\/newsite_24\/wp-json\/wp\/v2\/box?post=18515"},{"taxonomy":"woo-feed-brand","embeddable":true,"href":"https:\/\/www.sistemirrigazione.it\/newsite_24\/wp-json\/wp\/v2\/woo-feed-brand?post=18515"}],"curies":[{"name":"wp","href":"https:\/\/api.w.org\/{rel}","templated":true}]}}