{"id":17101,"date":"2022-11-30T09:42:16","date_gmt":"2022-11-30T09:42:16","guid":{"rendered":"https:\/\/www.sistemirrigazione.com\/?post_type=product&#038;p=17101"},"modified":"2024-07-16T14:32:16","modified_gmt":"2024-07-16T14:32:16","slug":"kit-valvole-9v-per-1-settore-con-programmatore-bluetooth-serie-bl-ip","status":"publish","type":"product","link":"https:\/\/www.sistemirrigazione.it\/newsite_24\/prodotto\/kit-valvole-9v-per-1-settore-con-programmatore-bluetooth-serie-bl-ip\/","title":{"rendered":"Kit valvole 9v per 1 settore con programmatore Bluetooth serie BL-IP"},"content":{"rendered":"<p><b>I Kit Valvole con Programmatore Bluetooth a 9 Volts<\/b> rappresentano l&#8217; idea vincente per \u00a0facilitare la realizzazione di un impianto di irrigazione in situazioni di assenza di corrente elettrica. Programmatore Bluetooth\u00a0 a 9 volts (a batteria), Pozzetto per irrigazione ed Elettrovalvole con solenoide a 9 volts sono acquistabili insieme con un solo clic.<\/p>\n<p class=\"imTAJustify\"><span class=\"fs20\"><span class=\"ff2 cf3\"><b>KIT IRRIGAZIONE A 1 LINEA A BATTERIA<br \/>\n<\/b>Per agevolare la realizzare di impianti di irrigazione, Sistemirrigazione ha ideato l&#8217;assemblaggio di componenti di irrigazione idonei alla formazione di kit di irrigazione per facilitare la scelta degli stessi e per una pi\u00f9 semplice e rapida installazione. Ci\u00f2 rappresenta una grande novit\u00e0 nello scenario dell&#8217;impiantistica irrigua. I kit di irrigazione si prestano bene per la realizzazione di impianti di irrigazione per giardino, prato, aiuole ed altro.<\/span><\/span><\/p>\n<p>Il kit di irrigazione presente in questa sezione consta di:<\/p>\n<ul>\n<li>\n<p class=\"imTAJustify\"><span class=\"ff2 fs20 cf3\">Programmatore Bluetoth serie BL-IP<br \/>\n<\/span><\/p>\n<\/li>\n<li>\n<p class=\"imTAJustify\"><span class=\"ff2 fs20 cf3\">Elettrovalvola 9V Bermad<br \/>\n<\/span><\/p>\n<\/li>\n<li>\n<p class=\"imTAJustify\"><span class=\"ff2 fs20 cf3\">Pozzetto circolare grande<\/span><\/p>\n<\/li>\n<\/ul>\n","protected":false},"excerpt":{"rendered":"<p>I Kit Valvole con Programmatore Bluetooth a 9 Volts rappresentano l&#8217; idea vincente per \u00a0facilitare la realizzazione di un impianto di irrigazione in situazioni di assenza<span class=\"excerpt-hellip\"> [\u2026]<\/span><\/p>\n","protected":false},"featured_media":17119,"comment_status":"open","ping_status":"closed","template":"","meta":[],"product_brand":[],"product_cat":[5959,5957,5961],"product_tag":[],"barcode":[],"codice_fornitore":[],"alias_a":[],"alsias_b":[],"alias_c":[],"alias_d":[],"alias_n":[],"alias":[],"alias_display":[],"box":[],"woo-feed-brand":[5686],"class_list":{"0":"post-17101","1":"product","2":"type-product","3":"status-publish","4":"has-post-thumbnail","6":"product_cat-kit-con-programmatore","7":"product_cat-kit-per-impianto-di-irrigazione","8":"product_cat-kit-valvole-a-batteria","9":"product_shipping_class-fascia-a-4","10":"woo-feed-brand-pan-agri","12":"first","13":"instock","14":"sale","15":"taxable","16":"shipping-taxable","17":"purchasable","18":"product-type-woosb"},"_links":{"self":[{"href":"https:\/\/www.sistemirrigazione.it\/newsite_24\/wp-json\/wp\/v2\/product\/17101","targetHints":{"allow":["GET"]}}],"collection":[{"href":"https:\/\/www.sistemirrigazione.it\/newsite_24\/wp-json\/wp\/v2\/product"}],"about":[{"href":"https:\/\/www.sistemirrigazione.it\/newsite_24\/wp-json\/wp\/v2\/types\/product"}],"replies":[{"embeddable":true,"href":"https:\/\/www.sistemirrigazione.it\/newsite_24\/wp-json\/wp\/v2\/comments?post=17101"}],"wp:featuredmedia":[{"embeddable":true,"href":"https:\/\/www.sistemirrigazione.it\/newsite_24\/wp-json\/wp\/v2\/media\/17119"}],"wp:attachment":[{"href":"https:\/\/www.sistemirrigazione.it\/newsite_24\/wp-json\/wp\/v2\/media?parent=17101"}],"wp:term":[{"taxonomy":"product_brand","embeddable":true,"href":"https:\/\/www.sistemirrigazione.it\/newsite_24\/wp-json\/wp\/v2\/product_brand?post=17101"},{"taxonomy":"product_cat","embeddable":true,"href":"https:\/\/www.sistemirrigazione.it\/newsite_24\/wp-json\/wp\/v2\/product_cat?post=17101"},{"taxonomy":"product_tag","embeddable":true,"href":"https:\/\/www.sistemirrigazione.it\/newsite_24\/wp-json\/wp\/v2\/product_tag?post=17101"},{"taxonomy":"barcode","embeddable":true,"href":"https:\/\/www.sistemirrigazione.it\/newsite_24\/wp-json\/wp\/v2\/barcode?post=17101"},{"taxonomy":"codice_fornitore","embeddable":true,"href":"https:\/\/www.sistemirrigazione.it\/newsite_24\/wp-json\/wp\/v2\/codice_fornitore?post=17101"},{"taxonomy":"alias_a","embeddable":true,"href":"https:\/\/www.sistemirrigazione.it\/newsite_24\/wp-json\/wp\/v2\/alias_a?post=17101"},{"taxonomy":"alsias_b","embeddable":true,"href":"https:\/\/www.sistemirrigazione.it\/newsite_24\/wp-json\/wp\/v2\/alsias_b?post=17101"},{"taxonomy":"alias_c","embeddable":true,"href":"https:\/\/www.sistemirrigazione.it\/newsite_24\/wp-json\/wp\/v2\/alias_c?post=17101"},{"taxonomy":"alias_d","embeddable":true,"href":"https:\/\/www.sistemirrigazione.it\/newsite_24\/wp-json\/wp\/v2\/alias_d?post=17101"},{"taxonomy":"alias_n","embeddable":true,"href":"https:\/\/www.sistemirrigazione.it\/newsite_24\/wp-json\/wp\/v2\/alias_n?post=17101"},{"taxonomy":"alias","embeddable":true,"href":"https:\/\/www.sistemirrigazione.it\/newsite_24\/wp-json\/wp\/v2\/alias?post=17101"},{"taxonomy":"alias_display","embeddable":true,"href":"https:\/\/www.sistemirrigazione.it\/newsite_24\/wp-json\/wp\/v2\/alias_display?post=17101"},{"taxonomy":"box","embeddable":true,"href":"https:\/\/www.sistemirrigazione.it\/newsite_24\/wp-json\/wp\/v2\/box?post=17101"},{"taxonomy":"woo-feed-brand","embeddable":true,"href":"https:\/\/www.sistemirrigazione.it\/newsite_24\/wp-json\/wp\/v2\/woo-feed-brand?post=17101"}],"curies":[{"name":"wp","href":"https:\/\/api.w.org\/{rel}","templated":true}]}}