{"id":16986,"date":"2022-11-21T07:45:06","date_gmt":"2022-11-21T07:45:06","guid":{"rendered":"https:\/\/www.sistemirrigazione.com\/?post_type=product&#038;p=16986"},"modified":"2024-09-27T08:41:33","modified_gmt":"2024-09-27T08:41:33","slug":"termoigrometro-digitale","status":"publish","type":"product","link":"https:\/\/www.sistemirrigazione.it\/newsite_24\/prodotto\/termoigrometro-digitale\/","title":{"rendered":"Termoigrometro digitale"},"content":{"rendered":"<div class=\"rte__table-wrapper\">\n<table width=\"610\">\n<tbody>\n<tr>\n<td>Dimensioni<\/td>\n<td>3.48\u201dLx0.63\u201d Px3.40\u201dH(87x16x85mm)<\/td>\n<\/tr>\n<tr>\n<td>Peso<\/td>\n<td>75g<\/td>\n<\/tr>\n<tr>\n<td>Colore<\/td>\n<td>Bianco<\/td>\n<\/tr>\n<tr>\n<td>Contenuto della confezione<\/td>\n<td>1xB0335TH Termoigrometro, 1x Manuale di istruzione<\/td>\n<\/tr>\n<\/tbody>\n<\/table>\n<\/div>\n<h3><\/h3>\n","protected":false},"excerpt":{"rendered":"<ul>\n<li>Display di facile lettura: questo termometro con misuratore di umidit\u00e0 ha un pannello luminoso e bianco con un display LCD chiaro, facile da leggere anche da lontano<\/li>\n<li>Alta precisione e autenticit\u00e0 del monitoraggio della temperatura: Intervallo di temperatura: -10\u00b0C~50\u00b0C\uff0814\u00b0F ~122\u00b0F\uff09, risposta rapida che misura ogni 30 secondi per fornire letture pi\u00f9 accurate.<\/li>\n<li>Monitoraggio dell&#8217;umidit\u00e0 interna: intervallo di umidit\u00e0 relativa: 20% RH ~ 95% RH, adatto per l&#8217;installazione in qualsiasi ambiente della casa.<\/li>\n<li>Livello temperatura e umidit\u00e0: la freccia cambier\u00e0 direzione per mostrare il livello di temperatura e di umidit\u00e0.<\/li>\n<li>Dispositivo versatile e perfetto: questo piccolo igro-termometro pu\u00f2 essere posizionato su un tavolo, appeso a una parete o fissato con un magnete, a seconda delle tue esigenze<\/li>\n<\/ul>\n<h4 style=\"color: #80bd01;\"><strong>Il Termoigrometro \u00e8 in regalo con una spesa minima di 250\u20ac su tutto il sito, fino ad esaurimento scorte!<\/strong><\/h4>\n","protected":false},"featured_media":17067,"comment_status":"open","ping_status":"closed","template":"","meta":[],"product_brand":[],"product_cat":[4240],"product_tag":[],"barcode":[],"codice_fornitore":[],"alias_a":[],"alsias_b":[],"alias_c":[],"alias_d":[],"alias_n":[],"alias":[],"alias_display":[],"box":[],"woo-feed-brand":[5686],"class_list":{"0":"post-16986","1":"product","2":"type-product","3":"status-publish","4":"has-post-thumbnail","6":"product_cat-sensori","7":"woo-feed-brand-pan-agri","9":"first","10":"instock","11":"taxable","12":"shipping-taxable","13":"purchasable","14":"product-type-simple"},"_links":{"self":[{"href":"https:\/\/www.sistemirrigazione.it\/newsite_24\/wp-json\/wp\/v2\/product\/16986","targetHints":{"allow":["GET"]}}],"collection":[{"href":"https:\/\/www.sistemirrigazione.it\/newsite_24\/wp-json\/wp\/v2\/product"}],"about":[{"href":"https:\/\/www.sistemirrigazione.it\/newsite_24\/wp-json\/wp\/v2\/types\/product"}],"replies":[{"embeddable":true,"href":"https:\/\/www.sistemirrigazione.it\/newsite_24\/wp-json\/wp\/v2\/comments?post=16986"}],"wp:featuredmedia":[{"embeddable":true,"href":"https:\/\/www.sistemirrigazione.it\/newsite_24\/wp-json\/wp\/v2\/media\/17067"}],"wp:attachment":[{"href":"https:\/\/www.sistemirrigazione.it\/newsite_24\/wp-json\/wp\/v2\/media?parent=16986"}],"wp:term":[{"taxonomy":"product_brand","embeddable":true,"href":"https:\/\/www.sistemirrigazione.it\/newsite_24\/wp-json\/wp\/v2\/product_brand?post=16986"},{"taxonomy":"product_cat","embeddable":true,"href":"https:\/\/www.sistemirrigazione.it\/newsite_24\/wp-json\/wp\/v2\/product_cat?post=16986"},{"taxonomy":"product_tag","embeddable":true,"href":"https:\/\/www.sistemirrigazione.it\/newsite_24\/wp-json\/wp\/v2\/product_tag?post=16986"},{"taxonomy":"barcode","embeddable":true,"href":"https:\/\/www.sistemirrigazione.it\/newsite_24\/wp-json\/wp\/v2\/barcode?post=16986"},{"taxonomy":"codice_fornitore","embeddable":true,"href":"https:\/\/www.sistemirrigazione.it\/newsite_24\/wp-json\/wp\/v2\/codice_fornitore?post=16986"},{"taxonomy":"alias_a","embeddable":true,"href":"https:\/\/www.sistemirrigazione.it\/newsite_24\/wp-json\/wp\/v2\/alias_a?post=16986"},{"taxonomy":"alsias_b","embeddable":true,"href":"https:\/\/www.sistemirrigazione.it\/newsite_24\/wp-json\/wp\/v2\/alsias_b?post=16986"},{"taxonomy":"alias_c","embeddable":true,"href":"https:\/\/www.sistemirrigazione.it\/newsite_24\/wp-json\/wp\/v2\/alias_c?post=16986"},{"taxonomy":"alias_d","embeddable":true,"href":"https:\/\/www.sistemirrigazione.it\/newsite_24\/wp-json\/wp\/v2\/alias_d?post=16986"},{"taxonomy":"alias_n","embeddable":true,"href":"https:\/\/www.sistemirrigazione.it\/newsite_24\/wp-json\/wp\/v2\/alias_n?post=16986"},{"taxonomy":"alias","embeddable":true,"href":"https:\/\/www.sistemirrigazione.it\/newsite_24\/wp-json\/wp\/v2\/alias?post=16986"},{"taxonomy":"alias_display","embeddable":true,"href":"https:\/\/www.sistemirrigazione.it\/newsite_24\/wp-json\/wp\/v2\/alias_display?post=16986"},{"taxonomy":"box","embeddable":true,"href":"https:\/\/www.sistemirrigazione.it\/newsite_24\/wp-json\/wp\/v2\/box?post=16986"},{"taxonomy":"woo-feed-brand","embeddable":true,"href":"https:\/\/www.sistemirrigazione.it\/newsite_24\/wp-json\/wp\/v2\/woo-feed-brand?post=16986"}],"curies":[{"name":"wp","href":"https:\/\/api.w.org\/{rel}","templated":true}]}}