{"id":12554,"date":"2022-11-25T14:02:23","date_gmt":"2022-11-25T14:02:23","guid":{"rendered":"https:\/\/www.sistemirrigazione.com\/prodotto\/elettrovalvola-1-21t-g-p-bp-s392-t-2w-9ds\/"},"modified":"2024-10-03T14:39:35","modified_gmt":"2024-10-03T14:39:35","slug":"elettrovalvola-1-21t-g-p-bp-s392-t-2w-9ds-w-motrio","status":"publish","type":"product","link":"https:\/\/www.sistemirrigazione.it\/newsite_24\/prodotto\/elettrovalvola-1-21t-g-p-bp-s392-t-2w-9ds-w-motrio\/","title":{"rendered":"Elettrovalvola da 1 pollice con solenoide a 9 volts &#8211; Bermad"},"content":{"rendered":"<p><a href=\"https:\/\/www.sistemirrigazione.it\/wp-content\/uploads\/2022\/11\/Elettrovalvola-1-pollice-bermad-componenti.jpg\"><img loading=\"lazy\" decoding=\"async\" title=\"Elettrovalvola da 1 pollice con solenoide a 9 volts - Bermad\" class=\"aligncenter wp-image-17547 size-medium\" src=\"https:\/\/www.sistemirrigazione.it\/wp-content\/uploads\/2022\/11\/Elettrovalvola-1-pollice-bermad-componenti-158x300.jpg\" alt=\"Elettrovalvola da 1 pollice con solenoide a 9 volts - Bermad\" width=\"158\" height=\"300\" srcset=\"https:\/\/www.sistemirrigazione.it\/newsite_24\/wp-content\/uploads\/2022\/11\/Elettrovalvola-1-pollice-bermad-componenti-158x300.jpg 158w, https:\/\/www.sistemirrigazione.it\/newsite_24\/wp-content\/uploads\/2022\/11\/Elettrovalvola-1-pollice-bermad-componenti-264x500.jpg 264w, https:\/\/www.sistemirrigazione.it\/newsite_24\/wp-content\/uploads\/2022\/11\/Elettrovalvola-1-pollice-bermad-componenti-40x75.jpg 40w, https:\/\/www.sistemirrigazione.it\/newsite_24\/wp-content\/uploads\/2022\/11\/Elettrovalvola-1-pollice-bermad-componenti.jpg 388w\" sizes=\"auto, (max-width:767px) 158px, 158px\" \/><\/a><\/p>\n<p><b>Componenti<br \/>\n<\/b><br \/>\n<b>[1] Viti<\/b><br \/>\n6 viti in acciaio inox bloccano il cappello sul corpo, assicurando rapide operazioni in-line di ispezione e service.<\/p>\n<p><b>[2] Cappello valvola<\/b><br \/>\nCostruzione semplice e leggera che facilita le operazioni di ispezione e service.<br \/>\n[2.1] Solenoide a 2 vie<br \/>\n[2.2] Selettore manuale<br \/>\n[2.3] Spillo interno<br \/>\n[2.4] Chiusura meccanica<\/p>\n<p><b>[3] Molla<\/b><br \/>\nUna singola molla, per tutti i range di pressione, garantisce basse velocit\u00e0 di apertura e chiusura a perfetta tenuta.<\/p>\n<p><b>[4] Attuatore<\/b><br \/>\nL\u2019attuatore, realizzato in gomma neoprenica del tipo ad alta flessibilit\u00e0, \u00e8 bilanciato e supportato alle estremit\u00e0 e garantisce una notevole sezione interna di passaggio:<br \/>\n&#8211; Alte portate e basse perdite di carico;<br \/>\n&#8211; Lente attuazioni;<br \/>\n&#8211; Regolazioni stabili ed accurate;<br \/>\n&#8211; Basse pressioni di attuazione;<br \/>\n&#8211; Nessuna distorsione o erosione del diaframma;<br \/>\n&#8211; Stessa molla e diaframma per tutti i range di pressione.<\/p>\n<p><b>[5] Anello di supporto del Diaframma<\/b><\/p>\n<p><b>[6] Corpo valvola<\/b><br \/>\nCostruito in Nylon rinforzato con fibra di vetro garantisce alta resistenza alla cavitazione e ad acque particolarmente aggressive. La sezione di passaggio totalmente libera da ostacoli.<\/p>\n","protected":false},"excerpt":{"rendered":"<p>\u2022 Risparmio di spazio &#8211; sistema modulare compatto \u00e8 ideale per giardini e paesaggi che utilizzano o microirrigazione a goccia, sistemi antincendio, e molto altro<br \/>\n\u2022 \u00a0Lunga durata &#8211; Prodotto di alta qualit\u00e0 con materiali durevoli, per garantire lunga durata e funzionamento senza problemi<br \/>\n\u2022 \u00a0Prestazioni affidabili &#8211; Ogni componente \u00e8 prodotto secondo gli standard pi\u00f9 elevati<br \/>\n\u2022 \u00a0Conveniente &#8211; Consente uno stretto controllo sul flusso d&#8217;acqua e il loro utilizzo<br \/>\n\u2022 \u00a0Compatibile &#8211; collegabile alla maggior parte dei controller di irrigazione per una gestione efficace dell&#8217;acqua<\/p>\n","protected":false},"featured_media":17094,"comment_status":"closed","ping_status":"closed","template":"","meta":[],"product_brand":[],"product_cat":[374,375],"product_tag":[],"barcode":[],"codice_fornitore":[],"alias_a":[],"alsias_b":[],"alias_c":[5968],"alias_d":[],"alias_n":[],"alias":[288],"alias_display":[5969],"box":[],"woo-feed-brand":[5952],"class_list":{"0":"post-12554","1":"product","2":"type-product","3":"status-publish","4":"has-post-thumbnail","6":"product_cat-elettrovalvole","7":"product_cat-elettrovalvole-a-batteria-9v","8":"alias_c-bdc085","9":"alias-alias-c","10":"alias_display-bdc085","11":"woo-feed-brand-bermad","13":"first","14":"instock","15":"taxable","16":"shipping-taxable","17":"purchasable","18":"product-type-simple"},"_links":{"self":[{"href":"https:\/\/www.sistemirrigazione.it\/newsite_24\/wp-json\/wp\/v2\/product\/12554","targetHints":{"allow":["GET"]}}],"collection":[{"href":"https:\/\/www.sistemirrigazione.it\/newsite_24\/wp-json\/wp\/v2\/product"}],"about":[{"href":"https:\/\/www.sistemirrigazione.it\/newsite_24\/wp-json\/wp\/v2\/types\/product"}],"replies":[{"embeddable":true,"href":"https:\/\/www.sistemirrigazione.it\/newsite_24\/wp-json\/wp\/v2\/comments?post=12554"}],"wp:featuredmedia":[{"embeddable":true,"href":"https:\/\/www.sistemirrigazione.it\/newsite_24\/wp-json\/wp\/v2\/media\/17094"}],"wp:attachment":[{"href":"https:\/\/www.sistemirrigazione.it\/newsite_24\/wp-json\/wp\/v2\/media?parent=12554"}],"wp:term":[{"taxonomy":"product_brand","embeddable":true,"href":"https:\/\/www.sistemirrigazione.it\/newsite_24\/wp-json\/wp\/v2\/product_brand?post=12554"},{"taxonomy":"product_cat","embeddable":true,"href":"https:\/\/www.sistemirrigazione.it\/newsite_24\/wp-json\/wp\/v2\/product_cat?post=12554"},{"taxonomy":"product_tag","embeddable":true,"href":"https:\/\/www.sistemirrigazione.it\/newsite_24\/wp-json\/wp\/v2\/product_tag?post=12554"},{"taxonomy":"barcode","embeddable":true,"href":"https:\/\/www.sistemirrigazione.it\/newsite_24\/wp-json\/wp\/v2\/barcode?post=12554"},{"taxonomy":"codice_fornitore","embeddable":true,"href":"https:\/\/www.sistemirrigazione.it\/newsite_24\/wp-json\/wp\/v2\/codice_fornitore?post=12554"},{"taxonomy":"alias_a","embeddable":true,"href":"https:\/\/www.sistemirrigazione.it\/newsite_24\/wp-json\/wp\/v2\/alias_a?post=12554"},{"taxonomy":"alsias_b","embeddable":true,"href":"https:\/\/www.sistemirrigazione.it\/newsite_24\/wp-json\/wp\/v2\/alsias_b?post=12554"},{"taxonomy":"alias_c","embeddable":true,"href":"https:\/\/www.sistemirrigazione.it\/newsite_24\/wp-json\/wp\/v2\/alias_c?post=12554"},{"taxonomy":"alias_d","embeddable":true,"href":"https:\/\/www.sistemirrigazione.it\/newsite_24\/wp-json\/wp\/v2\/alias_d?post=12554"},{"taxonomy":"alias_n","embeddable":true,"href":"https:\/\/www.sistemirrigazione.it\/newsite_24\/wp-json\/wp\/v2\/alias_n?post=12554"},{"taxonomy":"alias","embeddable":true,"href":"https:\/\/www.sistemirrigazione.it\/newsite_24\/wp-json\/wp\/v2\/alias?post=12554"},{"taxonomy":"alias_display","embeddable":true,"href":"https:\/\/www.sistemirrigazione.it\/newsite_24\/wp-json\/wp\/v2\/alias_display?post=12554"},{"taxonomy":"box","embeddable":true,"href":"https:\/\/www.sistemirrigazione.it\/newsite_24\/wp-json\/wp\/v2\/box?post=12554"},{"taxonomy":"woo-feed-brand","embeddable":true,"href":"https:\/\/www.sistemirrigazione.it\/newsite_24\/wp-json\/wp\/v2\/woo-feed-brand?post=12554"}],"curies":[{"name":"wp","href":"https:\/\/api.w.org\/{rel}","templated":true}]}}