{"id":23732,"date":"2022-06-15T09:30:59","date_gmt":"2022-06-15T09:30:59","guid":{"rendered":"https:\/\/www.sistemirrigazione.it\/newsite_24\/?page_id=13"},"modified":"2025-02-25T08:32:32","modified_gmt":"2025-02-25T08:32:32","slug":"home","status":"publish","type":"page","link":"https:\/\/www.sistemirrigazione.it\/newsite_24\/","title":{"rendered":"Home"},"content":{"rendered":"<div style=\"color: #fffffff; font-size: 0.001em;\">\n<p>Sistemi Irrigazione Panagri &#8211; Tutto sull&#8217;irrigazione e il giardinaggio. Benvenuti su Sistemirrigazione <a href=\"http:\/\/www.panagri.it\">Panagri<\/a>, il punto di riferimento per tutto ci\u00f2 che riguarda l&#8217;irrigazione e il giardinaggio. Offriamo migliaia di articoli per impianti di irrigazione del giardino e dell&#8217;orto, oltre a soluzioni avanzate per l&#8217;agricoltura di precisione. Sia che tu sia un hobbista appassionato di giardinaggio o un agricoltore professionista, abbiamo i prodotti giusti per soddisfare le tue esigenze. Nel nostro catalogo troverai centraline di controllo, tubazioni, raccordi, irrigatori a goccia, e molto altro. Grazie alle nostre soluzioni di irrigazione, potrai garantire una distribuzione uniforme dell&#8217;acqua, ottimizzando la crescita delle tue piante e riducendo al minimo gli sprechi. I nostri impianti di irrigazione sono facili da installare e perfetti per qualsiasi tipo di spazio verde, dal piccolo orto casalingo fino al <a href=\"https:\/\/www.sistemirrigazione.it\/irrigazione-giardino-i-prodotti\/\">giardino<\/a> pi\u00f9 ampio. L&#8217;agricoltura di precisione \u00e8 uno degli aspetti su cui Panagri punta maggiormente. Le nostre tecnologie avanzate permettono di gestire in maniera efficiente l&#8217;irrigazione, assicurando che ogni pianta riceva la giusta quantit\u00e0 di acqua al momento opportuno. Questo approccio consente di migliorare la resa delle colture e ridurre il consumo di risorse, con un notevole impatto positivo sia sull&#8217;ambiente che sui costi.Da Sistemi Irrigazione Panagri trovi tutto il necessario per progettare, installare e gestire impianti di irrigazione di alta qualit\u00e0. I nostri esperti sono pronti a consigliarti sulle soluzioni pi\u00f9 adatte, affinch\u00e9 il tuo giardino o il tuo orto prosperino in tutte le stagioni. Affidati a noi per ottenere il massimo dalla tua passione per il giardinaggio e l&#8217;agricoltura. Scopri la nostra selezione di prodotti per l&#8217;irrigazione e inizia oggi stesso a trasformare i tuoi spazi verdi con Sistemi Irrigazione Panagri! Accessori per pompe, Accessori zincati, Ala gocciolante leggera &#8211; Tape, Ala gocciolante pesante, Barattolino di pasta verde, Bocchettone filettato pvc, Bocchettone in ghisa, Bocchettone pvc incollaggio, Bulloni, Bussola filettata polipropilene, Calotta filettata polipropilene, Calotta ghisa, Carrello avvolgitubo, Chiave per idratino, Collare per flangia pv\/, Collettori, Contatore Acqua, Croce filettata polipropilene, Croce in ghisa, Curva zingata 45\u00b0, Curva zincata 90\u00b0, Diffusore zincato, Diramazione laterale zincata, Diramazione zincata 4 vie, Dissabbiatori, Doppia curva zincata, Doppio anello di fine linea, Elettrovalvole 9 volts, Elettrovalvole 24 volts, Fascette inox per tubo, Fibra di cocco, Filtri a disco in plastica, Filtri a rete in plastica, Filtri autopulenti automatici, Filtri autopulenti a circolazione, Filtri a disco manuali, Flangia cieca pvc, Flangia con trucchetto filettato, Flangia libera pv\/, Fustella foratubi, Gancio di sostegno tubo, Gocciolatori, Gocciolatori autocompensanti, Gomito 45\u00b0 pvc incollaggio, Gomito 90\u00b0 filettato femmina pp, Gomito 90\u00b0 filettato portagomma, Gomito 90\u00b0 filettato maschio-femmina, Gomito 90\u00b0 ghisa femmina-femmina, Gomito 90\u00b0 ghisa maschio-femmina, Gomito 90\u00b0 portagomma, Gomito 90\u00b0 pv\/ incollaggio, Gomito a compressione, Gomito a compressione filettato f, Gomito a compressione filettato m, Gomico pv\/ incollaggio-filetto, Gruppi gocciolanti per vasi, Guarnizione per raccordi in ottone, Guardnizione per raccordi in plastica, Guarnizione piatta per flangia, Guarnizione per giunto sferico, Idrantino di presa rapida, Iniettore Venturi, Innesto per raccordi rapidi in ottone, Innesto per raccordi rapidi in plastica, Irrigatori dinamici, Irrigatori statici, Kit di irrigazione 24 volts, Kit di irrigazione 9 volts, Manicotto a compressione, Manicotto filettato polipropilene, Manicotto in ghisa malleabile, Manicotto giuntato, Manicotto pvc incollaggio-filetto, Manicotto scorrevole pvc tipo lungo, Manicotto portagomma, Manicotto pvc-incollaggio, Manicotto ridotto a compressione, Manicotto ridotto filettato pp, Manicotto ridotto ghisa femmina-femmina, Manicotto ridotto ghisa femmina-maschio, Manicotto ridotto portagomma, Manometri ed accessori, Microtubo spaghetto, Mini irrigatori capovolti, Mini irrigatori testa in su, Mini valvole in ottone, Mini valvole in plastica, Nebulizzatori, Nipplo filettato polipropilene, Nipplo in ghisa malleabile, Nipplo ridotto filettato pp, Nippo ridotto in ghisa, Olivetta, Piccoli raccordi per tubo, Pinza foratubi, Pompe irrigazione, Pozzetti per valvole, Prese a stata, Prese a staffa nere, Prese a staffa con anello, Prese a staffa doppia con anello, Prodotti Claber, Prodotti per irrigazione, Programmatori 24 volts, Programmatori 9 volts, Programmatori da rubinetto, Prolunga filettata, Punzone per fustelle, Raccordi a compressione, Raccordi a portagomma per tubo, Raccordi filettati in polipropilene, Raccordi in ghisa malleabile, Raccordi in pvc, Raccordi per ala gocciolante e tubo, Raccordi per ala gocciolante leggera, Raccordi per tubo da giardino, Raccordi rapidi in ottone, Raccordi rapidi in plastica, Raccordo a compressione femmina, Raccordo a compressione maschio, Raccordo baionetta in ottone filettato femmina, Raccordo baionetta in ottone filettato maschio, Raccordo baionetta in ottone portagomma, Raccordo incoraggio-filetto, Raccordo portagomma a Y, Raccordo portagomma femmina, Raccordo portagomma maschio, Riduttore corto in ghisa, Riduttore corto pvc-incollaggio, Riduttore pvc-incollaggio, Riduttore zincato, Riduttore di pressione, Rubinetto portagomma, Saracinesca in ghisa, Saracinesca in ottone, Semigiunto zincato con attacco rapido femmina, Semigiunto zincato con attacco rapido maschio, Semigiuto zincato filetto femmina, Semigiunto zincato filetto maschio, Semigiunto zincato flangiato femmina, Semigiunto zincato flangia maschio, Semigiunto zincato portagomma femmina, Semigiunto zincato portagomma maschio, Sensore pioggia, Serbatoio per fertilizzanti, Spruzzatori, Tagliatubi, Tanti, Tappo a compressione, Tappo fine linea portagomma, Tappo chiusura fori su tubo, Tappo filettato maschio pp, Tappo in ghisa malleabile, Tappo zincato femmina, Tappo zincato maschio, Tee a compressione, Tee a compressione filetto maschio, Tee filettato femmina pp, Tee filettato maschio portagomma, Tee filettato maschio pp, Tee in ghisa malleabile, Tee portagomma, Tee pvc incollaggio-filetto, Tee ridotto portagomma, Teflon, Tronchetto filettato da un lato, Tubo da giardino, Tubo in polietilene, Tubo Layflat e accessori, Valvola di fondo in ottone, Valvola di fondo portagomm, Valvola di fondo zincata femmina, Valcola di fondo zincata maschio, Valvola di sicurezza in ottone, Valcola in ottone Clapet, Valcola di ritegno ottone Europa, Valvola a farfalla Wafer, Valvola a sfera in pvc, Valvole di sfiato, Valvole in teflon<\/p>\n<\/div>\n","protected":false},"excerpt":{"rendered":"<p>Sistemi Irrigazione Panagri &#8211; Tutto sull&#8217;irrigazione e il giardinaggio. Benvenuti su Sistemirrigazione Panagri, il punto di riferimento per tutto ci\u00f2 che riguarda l&#8217;irrigazione e il giardinaggio.<span class=\"excerpt-hellip\"> [\u2026]<\/span><\/p>\n","protected":false},"author":570,"featured_media":24448,"parent":0,"menu_order":0,"comment_status":"open","ping_status":"closed","template":"","meta":{"footnotes":""},"class_list":["post-23732","page","type-page","status-publish","has-post-thumbnail","hentry"],"_links":{"self":[{"href":"https:\/\/www.sistemirrigazione.it\/newsite_24\/wp-json\/wp\/v2\/pages\/23732","targetHints":{"allow":["GET"]}}],"collection":[{"href":"https:\/\/www.sistemirrigazione.it\/newsite_24\/wp-json\/wp\/v2\/pages"}],"about":[{"href":"https:\/\/www.sistemirrigazione.it\/newsite_24\/wp-json\/wp\/v2\/types\/page"}],"author":[{"embeddable":true,"href":"https:\/\/www.sistemirrigazione.it\/newsite_24\/wp-json\/wp\/v2\/users\/570"}],"replies":[{"embeddable":true,"href":"https:\/\/www.sistemirrigazione.it\/newsite_24\/wp-json\/wp\/v2\/comments?post=23732"}],"version-history":[{"count":4,"href":"https:\/\/www.sistemirrigazione.it\/newsite_24\/wp-json\/wp\/v2\/pages\/23732\/revisions"}],"predecessor-version":[{"id":24451,"href":"https:\/\/www.sistemirrigazione.it\/newsite_24\/wp-json\/wp\/v2\/pages\/23732\/revisions\/24451"}],"wp:featuredmedia":[{"embeddable":true,"href":"https:\/\/www.sistemirrigazione.it\/newsite_24\/wp-json\/wp\/v2\/media\/24448"}],"wp:attachment":[{"href":"https:\/\/www.sistemirrigazione.it\/newsite_24\/wp-json\/wp\/v2\/media?parent=23732"}],"curies":[{"name":"wp","href":"https:\/\/api.w.org\/{rel}","templated":true}]}}